{"id":8766,"date":"2023-10-17T07:44:58","date_gmt":"2023-10-17T07:44:58","guid":{"rendered":"https:\/\/dexpo.anthropolis.hu\/eghajlatvaltozas-az-oktatasban\/"},"modified":"2024-08-26T08:40:42","modified_gmt":"2024-08-26T08:40:42","slug":"eghajlatvaltozas-az-oktatasban","status":"publish","type":"page","link":"https:\/\/dexpo.anthropolis.hu\/hu\/eghajlatvaltozas-az-oktatasban\/","title":{"rendered":"\u00c9ghajlatv\u00e1ltoz\u00e1s az oktat\u00e1sban"},"content":{"rendered":"\t\t<div data-elementor-type=\"wp-page\" data-elementor-id=\"8766\" class=\"elementor elementor-8766 elementor-1037\" data-elementor-post-type=\"page\">\n\t\t\t\t\t\t\t<div class=\"elementor-element elementor-element-af2dfab e-flex e-con-boxed e-con e-parent\" data-id=\"af2dfab\" data-element_type=\"container\" data-settings=\"{&quot;container_type&quot;:&quot;flex&quot;,&quot;content_width&quot;:&quot;boxed&quot;}\" data-core-v316-plus=\"true\">\n\t\t\t\t\t<div class=\"e-con-inner\">\n\t\t<div class=\"elementor-element elementor-element-4b4e51a e-flex e-con-boxed e-con e-child\" data-id=\"4b4e51a\" data-element_type=\"container\" data-settings=\"{&quot;container_type&quot;:&quot;flex&quot;,&quot;content_width&quot;:&quot;boxed&quot;}\">\n\t\t\t\t\t<div class=\"e-con-inner\">\n\t\t<div class=\"elementor-element elementor-element-0bbf7bd e-con-full e-flex elementor-invisible e-con e-child\" data-id=\"0bbf7bd\" data-element_type=\"container\" data-settings=\"{&quot;content_width&quot;:&quot;full&quot;,&quot;background_background&quot;:&quot;classic&quot;,&quot;animation&quot;:&quot;fadeInLeft&quot;,&quot;container_type&quot;:&quot;flex&quot;}\" data-e-bg-lazyload=\"\">\n\t\t\t\t<\/div>\n\t\t<div class=\"elementor-element elementor-element-af2f87d e-con-full e-flex e-con e-child\" data-id=\"af2f87d\" data-element_type=\"container\" data-settings=\"{&quot;content_width&quot;:&quot;full&quot;,&quot;background_background&quot;:&quot;classic&quot;,&quot;container_type&quot;:&quot;flex&quot;}\">\n\t\t\t\t<div class=\"elementor-element elementor-element-071e694 elementor-invisible elementor-widget elementor-widget-heading\" data-id=\"071e694\" data-element_type=\"widget\" data-settings=\"{&quot;_animation&quot;:&quot;fadeInRight&quot;}\" data-widget_type=\"heading.default\">\n\t\t\t\t<div class=\"elementor-widget-container\">\n\t\t\t<style>\/*! elementor - v3.16.0 - 20-09-2023 *\/\n.elementor-heading-title{padding:0;margin:0;line-height:1}.elementor-widget-heading .elementor-heading-title[class*=elementor-size-]>a{color:inherit;font-size:inherit;line-height:inherit}.elementor-widget-heading .elementor-heading-title.elementor-size-small{font-size:15px}.elementor-widget-heading .elementor-heading-title.elementor-size-medium{font-size:19px}.elementor-widget-heading .elementor-heading-title.elementor-size-large{font-size:29px}.elementor-widget-heading .elementor-heading-title.elementor-size-xl{font-size:39px}.elementor-widget-heading .elementor-heading-title.elementor-size-xxl{font-size:59px}<\/style><h1 class=\"elementor-heading-title elementor-size-default\">\u00c9ghajlatv\u00e1ltoz\u00e1s az oktat\u00e1sban <\/h1>\t\t<\/div>\n\t\t\t\t<\/div>\n\t\t\t\t<div class=\"elementor-element elementor-element-10d37c5 home_course_titlel elementor-invisible elementor-widget elementor-widget-heading\" data-id=\"10d37c5\" data-element_type=\"widget\" data-settings=\"{&quot;_animation&quot;:&quot;fadeInUp&quot;,&quot;_animation_delay&quot;:300}\" data-widget_type=\"heading.default\">\n\t\t\t\t<div class=\"elementor-widget-container\">\n\t\t\t<h2 class=\"elementor-heading-title elementor-size-default\">Ez a modul az \u00e9ghajlatv\u00e1ltoz\u00e1s t\u00e9m\u00e1j\u00e1val foglalkoz\u00f3 pedag\u00f3gusok sz\u00e1m\u00e1ra ny\u00fajt seg\u00edts\u00e9get \u00e9s \u00fatmutat\u00e1s. A modul az \u00e9ghajlatv\u00e1ltoz\u00e1s pszichol\u00f3gi\u00e1j\u00e1nak \u00e9s az \u00e9ghajlatv\u00e1ltoz\u00e1s t\u00e9m\u00e1j\u00e1t hat\u00e9konyan bemutat\u00f3 kommunik\u00e1ci\u00f3s strat\u00e9gi\u00e1k bemutat\u00e1s\u00e1n alapszik, valamint kit\u00e9r a k\u00fcl\u00f6nb\u00f6z\u0151 megk\u00f6zel\u00edt\u00e9sekre, n\u00e9z\u0151pontokra \u00e9s tan\u00edt\u00e1si strat\u00e9gi\u00e1kra.<\/h2>\t\t<\/div>\n\t\t\t\t<\/div>\n\t\t\t\t<\/div>\n\t\t\t\t\t<\/div>\n\t\t\t\t<\/div>\n\t\t\t\t\t<\/div>\n\t\t\t\t<\/div>\n\t\t<div class=\"elementor-element elementor-element-9cec51a e-flex e-con-boxed e-con e-parent\" data-id=\"9cec51a\" data-element_type=\"container\" data-settings=\"{&quot;container_type&quot;:&quot;flex&quot;,&quot;content_width&quot;:&quot;boxed&quot;}\" data-core-v316-plus=\"true\">\n\t\t\t\t\t<div class=\"e-con-inner\">\n\t\t<div class=\"elementor-element elementor-element-66cac37 e-flex e-con-boxed e-con e-child\" data-id=\"66cac37\" data-element_type=\"container\" data-settings=\"{&quot;container_type&quot;:&quot;flex&quot;,&quot;content_width&quot;:&quot;boxed&quot;}\">\n\t\t\t\t\t<div class=\"e-con-inner\">\n\t\t<div class=\"elementor-element elementor-element-7a28dc9 e-con-full e-flex e-con e-child\" data-id=\"7a28dc9\" data-element_type=\"container\" data-settings=\"{&quot;content_width&quot;:&quot;full&quot;,&quot;container_type&quot;:&quot;flex&quot;}\">\n\t\t<div class=\"elementor-element elementor-element-4e96ac2 e-flex e-con-boxed e-con e-child\" data-id=\"4e96ac2\" data-element_type=\"container\" data-settings=\"{&quot;container_type&quot;:&quot;flex&quot;,&quot;content_width&quot;:&quot;boxed&quot;}\">\n\t\t\t\t\t<div class=\"e-con-inner\">\n\t\t\t\t<div class=\"elementor-element elementor-element-f1144f0 elementor-widget elementor-widget-image\" data-id=\"f1144f0\" data-element_type=\"widget\" data-widget_type=\"image.default\">\n\t\t\t\t<div class=\"elementor-widget-container\">\n\t\t\t<style>\/*! elementor - v3.16.0 - 20-09-2023 *\/\n.elementor-widget-image{text-align:center}.elementor-widget-image a{display:inline-block}.elementor-widget-image a img[src$=\".svg\"]{width:48px}.elementor-widget-image img{vertical-align:middle;display:inline-block}<\/style>\t\t\t\t\t\t\t\t\t\t\t\t<img loading=\"lazy\" decoding=\"async\" width=\"108\" height=\"35\" src=\"https:\/\/dexpo.anthropolis.hu\/wp-content\/uploads\/2023\/09\/dexpo_headin_before_purple_orange_dots.png\" class=\"attachment-large size-large wp-image-1780\" alt=\"\" \/>\t\t\t\t\t\t\t\t\t\t\t\t\t\t\t<\/div>\n\t\t\t\t<\/div>\n\t\t\t\t<div class=\"elementor-element elementor-element-bf29b5e elementor-widget elementor-widget-heading\" data-id=\"bf29b5e\" data-element_type=\"widget\" data-widget_type=\"heading.default\">\n\t\t\t\t<div class=\"elementor-widget-container\">\n\t\t\t<h1 class=\"elementor-heading-title elementor-size-default\">A k\u00e9pz\u00e9s c\u00e9lja<\/h1>\t\t<\/div>\n\t\t\t\t<\/div>\n\t\t\t\t\t<\/div>\n\t\t\t\t<\/div>\n\t\t<div class=\"elementor-element elementor-element-880c3ab e-flex e-con-boxed e-con e-child\" data-id=\"880c3ab\" data-element_type=\"container\" data-settings=\"{&quot;container_type&quot;:&quot;flex&quot;,&quot;content_width&quot;:&quot;boxed&quot;}\">\n\t\t\t\t\t<div class=\"e-con-inner\">\n\t\t\t\t<div class=\"elementor-element elementor-element-103cc98 elementor-widget elementor-widget-text-editor\" data-id=\"103cc98\" data-element_type=\"widget\" data-widget_type=\"text-editor.default\">\n\t\t\t\t<div class=\"elementor-widget-container\">\n\t\t\t<style>\/*! elementor - v3.16.0 - 20-09-2023 *\/\n.elementor-widget-text-editor.elementor-drop-cap-view-stacked .elementor-drop-cap{background-color:#69727d;color:#fff}.elementor-widget-text-editor.elementor-drop-cap-view-framed .elementor-drop-cap{color:#69727d;border:3px solid;background-color:transparent}.elementor-widget-text-editor:not(.elementor-drop-cap-view-default) .elementor-drop-cap{margin-top:8px}.elementor-widget-text-editor:not(.elementor-drop-cap-view-default) .elementor-drop-cap-letter{width:1em;height:1em}.elementor-widget-text-editor .elementor-drop-cap{float:left;text-align:center;line-height:1;font-size:50px}.elementor-widget-text-editor .elementor-drop-cap-letter{display:inline-block}<\/style>\t\t\t\tA modul c\u00e9lja, hogy seg\u00edtsen a pedag\u00f3gusoknak meg\u00e9rteni az \u00e9ghajlatv\u00e1ltoz\u00e1s \u00f6sszetetts\u00e9g\u00e9t, a kommunik\u00e1ci\u00f3 megfelel\u0151 m\u00f3dj\u00e1nak megv\u00e1laszt\u00e1s\u00e1nak fontoss\u00e1g\u00e1t \u00e9s a sokf\u00e9le lehets\u00e9ges n\u00e9z\u0151pontra \u00e9s vil\u00e1gn\u00e9zetre val\u00f3 \u00e9p\u00edtkez\u00e9st. \t\t\t\t\t\t<\/div>\n\t\t\t\t<\/div>\n\t\t\t\t<div class=\"elementor-element elementor-element-6361a8f elementor-widget elementor-widget-text-editor\" data-id=\"6361a8f\" data-element_type=\"widget\" data-widget_type=\"text-editor.default\">\n\t\t\t\t<div class=\"elementor-widget-container\">\n\t\t\t\t\t\t\t<p>A modul 3 r\u00e9szb\u0151l \u00e1ll:<br \/><strong>1. r\u00e9sz &#8211;<\/strong> Az \u00e9ghajlatv\u00e1ltoz\u00e1s pszichol\u00f3gi\u00e1ja<br \/><strong>2 . r\u00e9sz-<\/strong> Az \u00e9ghajlatv\u00e1ltoz\u00e1ssal kapcsolatos kommunik\u00e1ci\u00f3<br \/><strong>3. r\u00e9sz &#8211;<\/strong> Az \u00e9ghajlatv\u00e1ltoz\u00e1ssal kapcsolatos oktat\u00e1si trendek<\/p>\n\t\t\t\t\t\t<\/div>\n\t\t\t\t<\/div>\n\t\t\t\t\t<\/div>\n\t\t\t\t<\/div>\n\t\t\t\t<\/div>\n\t\t<div class=\"elementor-element elementor-element-78bd43e e-con-full e-flex e-con e-child\" data-id=\"78bd43e\" data-element_type=\"container\" data-settings=\"{&quot;content_width&quot;:&quot;full&quot;,&quot;background_background&quot;:&quot;classic&quot;,&quot;container_type&quot;:&quot;flex&quot;}\" data-e-bg-lazyload=\"\">\n\t\t\t\t<\/div>\n\t\t\t\t\t<\/div>\n\t\t\t\t<\/div>\n\t\t\t\t\t<\/div>\n\t\t\t\t<\/div>\n\t\t<div class=\"elementor-element elementor-element-5fe5ff2 e-flex e-con-boxed e-con e-parent\" data-id=\"5fe5ff2\" data-element_type=\"container\" data-settings=\"{&quot;container_type&quot;:&quot;flex&quot;,&quot;content_width&quot;:&quot;boxed&quot;}\" data-core-v316-plus=\"true\">\n\t\t\t\t\t<div class=\"e-con-inner\">\n\t\t<div class=\"elementor-element elementor-element-caff1b9 e-flex e-con-boxed e-con e-child\" data-id=\"caff1b9\" data-element_type=\"container\" data-settings=\"{&quot;container_type&quot;:&quot;flex&quot;,&quot;content_width&quot;:&quot;boxed&quot;}\">\n\t\t\t\t\t<div class=\"e-con-inner\">\n\t\t\t\t<div class=\"elementor-element elementor-element-c537d34 elementor-widget elementor-widget-image\" data-id=\"c537d34\" data-element_type=\"widget\" data-widget_type=\"image.default\">\n\t\t\t\t<div class=\"elementor-widget-container\">\n\t\t\t\t\t\t\t\t\t\t\t\t\t\t\t<img loading=\"lazy\" decoding=\"async\" width=\"108\" height=\"35\" src=\"https:\/\/dexpo.anthropolis.hu\/wp-content\/uploads\/2023\/09\/dexpo_headin_before_purple_orange_dots.png\" class=\"attachment-large size-large wp-image-1780\" alt=\"\" \/>\t\t\t\t\t\t\t\t\t\t\t\t\t\t\t<\/div>\n\t\t\t\t<\/div>\n\t\t\t\t<div class=\"elementor-element elementor-element-e5065f4 elementor-widget elementor-widget-heading\" data-id=\"e5065f4\" data-element_type=\"widget\" data-widget_type=\"heading.default\">\n\t\t\t\t<div class=\"elementor-widget-container\">\n\t\t\t<h1 class=\"elementor-heading-title elementor-size-default\">A modul elv\u00e9gz\u00e9s\u00e9vel v\u00e1rhat\u00f3an k\u00e9pes leszel arra, hogy:<\/h1>\t\t<\/div>\n\t\t\t\t<\/div>\n\t\t\t\t\t<\/div>\n\t\t\t\t<\/div>\n\t\t\t\t\t<\/div>\n\t\t\t\t<\/div>\n\t\t<div class=\"elementor-element elementor-element-3efe7ac e-flex e-con-boxed e-con e-parent\" data-id=\"3efe7ac\" data-element_type=\"container\" data-settings=\"{&quot;container_type&quot;:&quot;flex&quot;,&quot;content_width&quot;:&quot;boxed&quot;}\" data-core-v316-plus=\"true\">\n\t\t\t\t\t<div class=\"e-con-inner\">\n\t\t<div class=\"elementor-element elementor-element-4ea8bf1 e-flex e-con-boxed e-con e-child\" data-id=\"4ea8bf1\" data-element_type=\"container\" data-settings=\"{&quot;container_type&quot;:&quot;flex&quot;,&quot;content_width&quot;:&quot;boxed&quot;}\">\n\t\t\t\t\t<div class=\"e-con-inner\">\n\t\t<div class=\"elementor-element elementor-element-548976b e-con-full e-flex elementor-invisible e-con e-child\" data-id=\"548976b\" data-element_type=\"container\" data-settings=\"{&quot;content_width&quot;:&quot;full&quot;,&quot;background_background&quot;:&quot;classic&quot;,&quot;animation&quot;:&quot;fadeInLeft&quot;,&quot;container_type&quot;:&quot;flex&quot;}\" data-e-bg-lazyload=\"\">\n\t\t\t\t<div class=\"elementor-element elementor-element-f074a5b elementor-widget elementor-widget-heading\" data-id=\"f074a5b\" data-element_type=\"widget\" data-widget_type=\"heading.default\">\n\t\t\t\t<div class=\"elementor-widget-container\">\n\t\t\t<h3 class=\"elementor-heading-title elementor-size-default\">Megismerd az \u00e9ghajlatv\u00e1ltoz\u00e1s pszichol\u00f3gi\u00e1j\u00e1nak legfontosabb szempontjait <\/h3>\t\t<\/div>\n\t\t\t\t<\/div>\n\t\t\t\t<\/div>\n\t\t<div class=\"elementor-element elementor-element-f34fa67 e-con-full e-flex elementor-invisible e-con e-child\" data-id=\"f34fa67\" data-element_type=\"container\" data-settings=\"{&quot;content_width&quot;:&quot;full&quot;,&quot;background_background&quot;:&quot;classic&quot;,&quot;animation&quot;:&quot;fadeInRight&quot;,&quot;animation_delay&quot;:300,&quot;container_type&quot;:&quot;flex&quot;}\" data-e-bg-lazyload=\"\">\n\t\t\t\t<div class=\"elementor-element elementor-element-6008865 elementor-widget elementor-widget-heading\" data-id=\"6008865\" data-element_type=\"widget\" data-widget_type=\"heading.default\">\n\t\t\t\t<div class=\"elementor-widget-container\">\n\t\t\t<h3 class=\"elementor-heading-title elementor-size-default\">Beazonos\u00edtsd az \u00e9ghajlatv\u00e1ltoz\u00e1ssal kapcsolatos kommunik\u00e1ci\u00f3 legfontosabb \u00f6sszetev\u0151it <\/h3>\t\t<\/div>\n\t\t\t\t<\/div>\n\t\t\t\t<\/div>\n\t\t\t\t\t<\/div>\n\t\t\t\t<\/div>\n\t\t\t\t\t<\/div>\n\t\t\t\t<\/div>\n\t\t<div class=\"elementor-element elementor-element-2e68d15 e-flex e-con-boxed e-con e-parent\" data-id=\"2e68d15\" data-element_type=\"container\" data-settings=\"{&quot;container_type&quot;:&quot;flex&quot;,&quot;content_width&quot;:&quot;boxed&quot;}\" data-core-v316-plus=\"true\">\n\t\t\t\t\t<div class=\"e-con-inner\">\n\t\t<div class=\"elementor-element elementor-element-44da652 e-flex e-con-boxed e-con e-child\" data-id=\"44da652\" data-element_type=\"container\" data-settings=\"{&quot;container_type&quot;:&quot;flex&quot;,&quot;content_width&quot;:&quot;boxed&quot;}\">\n\t\t\t\t\t<div class=\"e-con-inner\">\n\t\t<div class=\"elementor-element elementor-element-a7ae979 e-con-full e-flex elementor-invisible e-con e-child\" data-id=\"a7ae979\" data-element_type=\"container\" data-settings=\"{&quot;content_width&quot;:&quot;full&quot;,&quot;background_background&quot;:&quot;classic&quot;,&quot;animation&quot;:&quot;fadeInLeft&quot;,&quot;animation_delay&quot;:600,&quot;container_type&quot;:&quot;flex&quot;}\" data-e-bg-lazyload=\"\">\n\t\t\t\t<div class=\"elementor-element elementor-element-1b7d73f elementor-widget elementor-widget-heading\" data-id=\"1b7d73f\" data-element_type=\"widget\" data-widget_type=\"heading.default\">\n\t\t\t\t<div class=\"elementor-widget-container\">\n\t\t\t<h3 class=\"elementor-heading-title elementor-size-default\">Megismerj n\u00e9h\u00e1ny, az \u00e9ghajlatv\u00e1ltoz\u00e1ssal kapcsolatos oktat\u00e1s trendet<\/h3>\t\t<\/div>\n\t\t\t\t<\/div>\n\t\t\t\t<\/div>\n\t\t\t\t\t<\/div>\n\t\t\t\t<\/div>\n\t\t\t\t\t<\/div>\n\t\t\t\t<\/div>\n\t\t<div class=\"elementor-element elementor-element-8ebd454 e-flex e-con-boxed e-con e-parent\" data-id=\"8ebd454\" data-element_type=\"container\" data-settings=\"{&quot;container_type&quot;:&quot;flex&quot;,&quot;content_width&quot;:&quot;boxed&quot;}\" data-core-v316-plus=\"true\">\n\t\t\t\t\t<div class=\"e-con-inner\">\n\t\t\t\t<div class=\"elementor-element elementor-element-29ac946 elementor-widget elementor-widget-text-editor\" data-id=\"29ac946\" data-element_type=\"widget\" data-widget_type=\"text-editor.default\">\n\t\t\t\t<div class=\"elementor-widget-container\">\n\t\t\t\t\t\t\t<p>Ez a modul nem az \u00e9ghajlatv\u00e1ltoz\u00e1s tudom\u00e1ny\u00e1ra \u00f6sszpontos\u00edt \u2013 az \u00e9ghajlatv\u00e1ltoz\u00e1s folyamatair\u00f3l, okair\u00f3l \u00e9s k\u00f6vetkezm\u00e9nyeir\u0151l a forr\u00e1sokat, inform\u00e1ci\u00f3kat tal\u00e1lsz bevezet\u0151ben. <\/p>\n\t\t\t\t\t\t<\/div>\n\t\t\t\t<\/div>\n\t\t\t\t\t<\/div>\n\t\t\t\t<\/div>\n\t\t<div class=\"elementor-element elementor-element-518b2ef e-flex e-con-boxed e-con e-parent\" data-id=\"518b2ef\" data-element_type=\"container\" data-settings=\"{&quot;container_type&quot;:&quot;flex&quot;,&quot;content_width&quot;:&quot;boxed&quot;}\" data-core-v316-plus=\"true\">\n\t\t\t\t\t<div class=\"e-con-inner\">\n\t\t<div class=\"elementor-element elementor-element-8d6c937 e-flex e-con-boxed e-con e-child\" data-id=\"8d6c937\" data-element_type=\"container\" data-settings=\"{&quot;container_type&quot;:&quot;flex&quot;,&quot;content_width&quot;:&quot;boxed&quot;}\">\n\t\t\t\t\t<div class=\"e-con-inner\">\n\t\t\t\t<div class=\"elementor-element elementor-element-7000efc e-transform elementor-invisible elementor-widget elementor-widget-image\" data-id=\"7000efc\" data-element_type=\"widget\" data-settings=\"{&quot;_animation&quot;:&quot;rotateIn&quot;,&quot;_animation_delay&quot;:500,&quot;_transform_scale_effect_hover&quot;:{&quot;unit&quot;:&quot;px&quot;,&quot;size&quot;:1.100000000000000088817841970012523233890533447265625,&quot;sizes&quot;:[]},&quot;_transform_scale_effect_hover_tablet&quot;:{&quot;unit&quot;:&quot;px&quot;,&quot;size&quot;:&quot;&quot;,&quot;sizes&quot;:[]},&quot;_transform_scale_effect_hover_mobile&quot;:{&quot;unit&quot;:&quot;px&quot;,&quot;size&quot;:&quot;&quot;,&quot;sizes&quot;:[]}}\" data-widget_type=\"image.default\">\n\t\t\t\t<div class=\"elementor-widget-container\">\n\t\t\t\t\t\t\t\t\t\t\t\t\t\t\t\t<a href=\"https:\/\/dexpo.anthropolis.hu\/courses\/module-3-climate-change-in-education\/\">\n\t\t\t\t\t\t\t<img loading=\"lazy\" decoding=\"async\" width=\"540\" height=\"200\" src=\"https:\/\/dexpo.anthropolis.hu\/wp-content\/uploads\/2024\/08\/dexpo-elkezdem-gomb.png\" class=\"attachment-full size-full wp-image-1784\" alt=\"\" srcset=\"https:\/\/dexpo.anthropolis.hu\/wp-content\/uploads\/2024\/08\/dexpo-elkezdem-gomb.png 540w, https:\/\/dexpo.anthropolis.hu\/wp-content\/uploads\/2024\/08\/dexpo-elkezdem-gomb-300x111.png 300w\" sizes=\"auto, (max-width: 540px) 100vw, 540px\" \/>\t\t\t\t\t\t\t\t<\/a>\n\t\t\t\t\t\t\t\t\t\t\t\t\t\t\t<\/div>\n\t\t\t\t<\/div>\n\t\t\t\t\t<\/div>\n\t\t\t\t<\/div>\n\t\t\t\t\t<\/div>\n\t\t\t\t<\/div>\n\t\t\t\t\t\t\t<\/div>\n\t\t","protected":false},"excerpt":{"rendered":"<p>\u00c9ghajlatv\u00e1ltoz\u00e1s az oktat\u00e1sban Ez a modul az \u00e9ghajlatv\u00e1ltoz\u00e1s t\u00e9m\u00e1j\u00e1val foglalkoz\u00f3 pedag\u00f3gusok sz\u00e1m\u00e1ra ny\u00fajt seg\u00edts\u00e9get \u00e9s \u00fatmutat\u00e1s. A modul az \u00e9ghajlatv\u00e1ltoz\u00e1s &hellip;<\/p>\n<p class=\"read-more\"> <a class=\"\" href=\"https:\/\/dexpo.anthropolis.hu\/hu\/eghajlatvaltozas-az-oktatasban\/\"> <span class=\"screen-reader-text\">\u00c9ghajlatv\u00e1ltoz\u00e1s az oktat\u00e1sban<\/span> Read More &raquo;<\/a><\/p>\n","protected":false},"author":1,"featured_media":0,"parent":0,"menu_order":0,"comment_status":"closed","ping_status":"closed","template":"","meta":{"site-sidebar-layout":"default","site-content-layout":"","ast-site-content-layout":"default","site-content-style":"default","site-sidebar-style":"default","ast-global-header-display":"","ast-banner-title-visibility":"","ast-main-header-display":"","ast-hfb-above-header-display":"","ast-hfb-below-header-display":"","ast-hfb-mobile-header-display":"","site-post-title":"","ast-breadcrumbs-content":"","ast-featured-img":"","footer-sml-layout":"","theme-transparent-header-meta":"","adv-header-id-meta":"","stick-header-meta":"","header-above-stick-meta":"","header-main-stick-meta":"","header-below-stick-meta":"","astra-migrate-meta-layouts":"","ast-page-background-enabled":"default","ast-page-background-meta":{"desktop":{"background-color":"var(--ast-global-color-4)","background-image":"","background-repeat":"repeat","background-position":"center center","background-size":"auto","background-attachment":"scroll","background-type":"","background-media":"","overlay-type":"","overlay-color":"","overlay-gradient":""},"tablet":{"background-color":"","background-image":"","background-repeat":"repeat","background-position":"center center","background-size":"auto","background-attachment":"scroll","background-type":"","background-media":"","overlay-type":"","overlay-color":"","overlay-gradient":""},"mobile":{"background-color":"","background-image":"","background-repeat":"repeat","background-position":"center center","background-size":"auto","background-attachment":"scroll","background-type":"","background-media":"","overlay-type":"","overlay-color":"","overlay-gradient":""}},"ast-content-background-meta":{"desktop":{"background-color":"var(--ast-global-color-5)","background-image":"","background-repeat":"repeat","background-position":"center center","background-size":"auto","background-attachment":"scroll","background-type":"","background-media":"","overlay-type":"","overlay-color":"","overlay-gradient":""},"tablet":{"background-color":"var(--ast-global-color-5)","background-image":"","background-repeat":"repeat","background-position":"center center","background-size":"auto","background-attachment":"scroll","background-type":"","background-media":"","overlay-type":"","overlay-color":"","overlay-gradient":""},"mobile":{"background-color":"var(--ast-global-color-5)","background-image":"","background-repeat":"repeat","background-position":"center center","background-size":"auto","background-attachment":"scroll","background-type":"","background-media":"","overlay-type":"","overlay-color":"","overlay-gradient":""}},"footnotes":""},"class_list":["post-8766","page","type-page","status-publish","hentry"],"_links":{"self":[{"href":"https:\/\/dexpo.anthropolis.hu\/hu\/wp-json\/wp\/v2\/pages\/8766","targetHints":{"allow":["GET"]}}],"collection":[{"href":"https:\/\/dexpo.anthropolis.hu\/hu\/wp-json\/wp\/v2\/pages"}],"about":[{"href":"https:\/\/dexpo.anthropolis.hu\/hu\/wp-json\/wp\/v2\/types\/page"}],"author":[{"embeddable":true,"href":"https:\/\/dexpo.anthropolis.hu\/hu\/wp-json\/wp\/v2\/users\/1"}],"replies":[{"embeddable":true,"href":"https:\/\/dexpo.anthropolis.hu\/hu\/wp-json\/wp\/v2\/comments?post=8766"}],"version-history":[{"count":4,"href":"https:\/\/dexpo.anthropolis.hu\/hu\/wp-json\/wp\/v2\/pages\/8766\/revisions"}],"predecessor-version":[{"id":9471,"href":"https:\/\/dexpo.anthropolis.hu\/hu\/wp-json\/wp\/v2\/pages\/8766\/revisions\/9471"}],"wp:attachment":[{"href":"https:\/\/dexpo.anthropolis.hu\/hu\/wp-json\/wp\/v2\/media?parent=8766"}],"curies":[{"name":"wp","href":"https:\/\/api.w.org\/{rel}","templated":true}]}}