{"id":4203,"date":"2023-09-23T15:16:57","date_gmt":"2023-09-23T15:16:57","guid":{"rendered":"https:\/\/dexpo.anthropolis.hu\/domov\/"},"modified":"2024-10-18T16:10:48","modified_gmt":"2024-10-18T16:10:48","slug":"domov","status":"publish","type":"page","link":"https:\/\/dexpo.anthropolis.hu\/sl\/","title":{"rendered":"DOMOV"},"content":{"rendered":"\t\t<div data-elementor-type=\"wp-page\" data-elementor-id=\"4203\" class=\"elementor elementor-4203 elementor-376\" data-elementor-post-type=\"page\">\n\t\t\t\t\t\t\t<div class=\"elementor-element elementor-element-15c86f2 e-flex e-con-boxed e-con e-parent\" data-id=\"15c86f2\" data-element_type=\"container\" data-settings=\"{&quot;container_type&quot;:&quot;flex&quot;,&quot;content_width&quot;:&quot;boxed&quot;}\" data-core-v316-plus=\"true\">\n\t\t\t\t\t<div class=\"e-con-inner\">\n\t\t<div class=\"elementor-element elementor-element-da3a60f e-flex e-con-boxed e-con e-child\" data-id=\"da3a60f\" data-element_type=\"container\" data-settings=\"{&quot;container_type&quot;:&quot;flex&quot;,&quot;content_width&quot;:&quot;boxed&quot;}\">\n\t\t\t\t\t<div class=\"e-con-inner\">\n\t\t<div class=\"elementor-element elementor-element-efe4aec e-con-full e-flex e-con e-child\" data-id=\"efe4aec\" data-element_type=\"container\" data-settings=\"{&quot;content_width&quot;:&quot;full&quot;,&quot;background_background&quot;:&quot;classic&quot;,&quot;container_type&quot;:&quot;flex&quot;}\" data-e-bg-lazyload=\"\">\n\t\t\t\t<\/div>\n\t\t<div class=\"elementor-element elementor-element-a093fd8 e-con-full e-flex e-con e-child\" data-id=\"a093fd8\" data-element_type=\"container\" data-settings=\"{&quot;content_width&quot;:&quot;full&quot;,&quot;background_background&quot;:&quot;classic&quot;,&quot;container_type&quot;:&quot;flex&quot;}\">\n\t\t\t\t<div class=\"elementor-element elementor-element-ee4ed25 elementor-widget elementor-widget-heading\" data-id=\"ee4ed25\" data-element_type=\"widget\" data-widget_type=\"heading.default\">\n\t\t\t\t<div class=\"elementor-widget-container\">\n\t\t\t<style>\/*! elementor - v3.16.0 - 20-09-2023 *\/\n.elementor-heading-title{padding:0;margin:0;line-height:1}.elementor-widget-heading .elementor-heading-title[class*=elementor-size-]>a{color:inherit;font-size:inherit;line-height:inherit}.elementor-widget-heading .elementor-heading-title.elementor-size-small{font-size:15px}.elementor-widget-heading .elementor-heading-title.elementor-size-medium{font-size:19px}.elementor-widget-heading .elementor-heading-title.elementor-size-large{font-size:29px}.elementor-widget-heading .elementor-heading-title.elementor-size-xl{font-size:39px}.elementor-widget-heading .elementor-heading-title.elementor-size-xxl{font-size:59px}<\/style><h1 class=\"elementor-heading-title elementor-size-default\">Dobrodo\u0161li na spletnem te\u010daju DEXPO \u2013 Misli kriti\u010dno za podnebje (\u00bbDEXPO - Think Critical 4Climate\u00ab)<\/h1>\t\t<\/div>\n\t\t\t\t<\/div>\n\t\t\t\t<\/div>\n\t\t\t\t\t<\/div>\n\t\t\t\t<\/div>\n\t\t\t\t\t<\/div>\n\t\t\t\t<\/div>\n\t\t<div class=\"elementor-element elementor-element-3486926 e-flex e-con-boxed e-con e-parent\" data-id=\"3486926\" data-element_type=\"container\" data-settings=\"{&quot;container_type&quot;:&quot;flex&quot;,&quot;content_width&quot;:&quot;boxed&quot;}\" data-core-v316-plus=\"true\">\n\t\t\t\t\t<div class=\"e-con-inner\">\n\t\t<div class=\"elementor-element elementor-element-452d114 e-flex e-con-boxed e-con e-child\" data-id=\"452d114\" data-element_type=\"container\" data-settings=\"{&quot;container_type&quot;:&quot;flex&quot;,&quot;content_width&quot;:&quot;boxed&quot;}\">\n\t\t\t\t\t<div class=\"e-con-inner\">\n\t\t\t\t<div class=\"elementor-element elementor-element-5c64df2 elementor-widget elementor-widget-text-editor\" data-id=\"5c64df2\" data-element_type=\"widget\" data-widget_type=\"text-editor.default\">\n\t\t\t\t<div class=\"elementor-widget-container\">\n\t\t\t<style>\/*! elementor - v3.16.0 - 20-09-2023 *\/\n.elementor-widget-text-editor.elementor-drop-cap-view-stacked .elementor-drop-cap{background-color:#69727d;color:#fff}.elementor-widget-text-editor.elementor-drop-cap-view-framed .elementor-drop-cap{color:#69727d;border:3px solid;background-color:transparent}.elementor-widget-text-editor:not(.elementor-drop-cap-view-default) .elementor-drop-cap{margin-top:8px}.elementor-widget-text-editor:not(.elementor-drop-cap-view-default) .elementor-drop-cap-letter{width:1em;height:1em}.elementor-widget-text-editor .elementor-drop-cap{float:left;text-align:center;line-height:1;font-size:50px}.elementor-widget-text-editor .elementor-drop-cap-letter{display:inline-block}<\/style>\t\t\t\t<p>Podnebne spremembe kot globalni pojav so predmet intenzivnih razprav na \u0161tevilnih podro\u010djih \u017eivljenja, od znanstvenih razprav do kavarni\u0161kih govoric. \u010ceprav obstaja znanstveno soglasje o prispevku \u010dlove\u0161tva k podnebnim spremembam, se \u0161e vedno pojavlja veliko napa\u010dnih prepri\u010danj, mno\u017ei\u010dni mediji pa zaradi svoje narave preve\u010d poudarjajo \u0161kodljive u\u010dinke globalnih procesov. To pogosto vzbuja ob\u010dutke dolgo\u010dasja na eni strani ter tesnobe in nemo\u010di na drugi. Ko mno\u017ei\u010dni mediji nenehno ponavljajo, da se \u010dlove\u0161tvo bli\u017ea svojemu koncu, vzbujajo brezup. Poplava napa\u010dnih prepri\u010danj in la\u017enih novic je namenjena mno\u017ei\u010dnemu ob\u010dinstvu. V 21. stoletju so pomemben vir informacij za mnoge dru\u017ebeni mediji, ki pa so veliko manj zanesljiv vir kot mno\u017ei\u010dni mediji. Hkrati sta novinarska etika in novinarstvo v zadnjih letih do\u017eivela \u0161tevilne spremembe, zato je vse te\u017eje priti do to\u010dnih informacij. Zato je sposobnost kriti\u010dnega mi\u0161ljenja klju\u010dna in pomembnej\u0161a kot kdaj koli prej.<\/p><p>Spletni te\u010daj DEXPO predstavlja nekatere novej\u0161e izobra\u017eevalne pristope k razvoju kriti\u010dnega mi\u0161ljenja in krepitvi medijske pismenosti v zvezi s podnebnimi spremembami.<\/p><p>Hvala, Dave Richardson \ud83d\ude42<\/p>\t\t\t\t\t\t<\/div>\n\t\t\t\t<\/div>\n\t\t\t\t\t<\/div>\n\t\t\t\t<\/div>\n\t\t\t\t\t<\/div>\n\t\t\t\t<\/div>\n\t\t<div class=\"elementor-element elementor-element-d93c061 e-flex e-con-boxed e-con e-parent\" data-id=\"d93c061\" data-element_type=\"container\" data-settings=\"{&quot;container_type&quot;:&quot;flex&quot;,&quot;content_width&quot;:&quot;boxed&quot;}\" data-core-v316-plus=\"true\">\n\t\t\t\t\t<div class=\"e-con-inner\">\n\t\t<div class=\"elementor-element elementor-element-3c0492e e-flex e-con-boxed e-con e-child\" data-id=\"3c0492e\" data-element_type=\"container\" data-settings=\"{&quot;background_background&quot;:&quot;classic&quot;,&quot;container_type&quot;:&quot;flex&quot;,&quot;content_width&quot;:&quot;boxed&quot;}\">\n\t\t\t\t\t<div class=\"e-con-inner\">\n\t\t\t\t<div class=\"elementor-element elementor-element-366c3b0 elementor-widget elementor-widget-image\" data-id=\"366c3b0\" data-element_type=\"widget\" data-widget_type=\"image.default\">\n\t\t\t\t<div class=\"elementor-widget-container\">\n\t\t\t<style>\/*! elementor - v3.16.0 - 20-09-2023 *\/\n.elementor-widget-image{text-align:center}.elementor-widget-image a{display:inline-block}.elementor-widget-image a img[src$=\".svg\"]{width:48px}.elementor-widget-image img{vertical-align:middle;display:inline-block}<\/style>\t\t\t\t\t\t\t\t\t\t\t\t\t<a href=\"https:\/\/dexpo.anthropolis.hu\/courses\/intro\/\">\n\t\t\t\t\t\t\t<img loading=\"lazy\" decoding=\"async\" width=\"399\" height=\"104\" src=\"https:\/\/dexpo.anthropolis.hu\/wp-content\/uploads\/2024\/08\/dexpo-introduction-slo-button.png\" class=\"elementor-animation-grow attachment-full size-full wp-image-4205\" alt=\"\" srcset=\"https:\/\/dexpo.anthropolis.hu\/wp-content\/uploads\/2024\/08\/dexpo-introduction-slo-button.png 399w, https:\/\/dexpo.anthropolis.hu\/wp-content\/uploads\/2024\/08\/dexpo-introduction-slo-button-300x78.png 300w\" sizes=\"auto, (max-width: 399px) 100vw, 399px\" \/>\t\t\t\t\t\t\t\t<\/a>\n\t\t\t\t\t\t\t\t\t\t\t\t\t\t\t<\/div>\n\t\t\t\t<\/div>\n\t\t\t\t\t<\/div>\n\t\t\t\t<\/div>\n\t\t\t\t\t<\/div>\n\t\t\t\t<\/div>\n\t\t<div class=\"elementor-element elementor-element-b2dd65d e-flex e-con-boxed e-con e-parent\" data-id=\"b2dd65d\" data-element_type=\"container\" data-settings=\"{&quot;container_type&quot;:&quot;flex&quot;,&quot;content_width&quot;:&quot;boxed&quot;}\" data-core-v316-plus=\"true\">\n\t\t\t\t\t<div class=\"e-con-inner\">\n\t\t<div class=\"elementor-element elementor-element-814339a e-flex e-con-boxed e-con e-child\" data-id=\"814339a\" data-element_type=\"container\" data-settings=\"{&quot;container_type&quot;:&quot;flex&quot;,&quot;content_width&quot;:&quot;boxed&quot;}\">\n\t\t\t\t\t<div class=\"e-con-inner\">\n\t\t\t\t<div class=\"elementor-element elementor-element-2a18a85 h1_before_green elementor-widget elementor-widget-heading\" data-id=\"2a18a85\" data-element_type=\"widget\" data-widget_type=\"heading.default\">\n\t\t\t\t<div class=\"elementor-widget-container\">\n\t\t\t<h1 class=\"elementor-heading-title elementor-size-default\">MODULI<\/h1>\t\t<\/div>\n\t\t\t\t<\/div>\n\t\t\t\t\t<\/div>\n\t\t\t\t<\/div>\n\t\t\t\t\t<\/div>\n\t\t\t\t<\/div>\n\t\t<div class=\"elementor-element elementor-element-010512c e-grid e-con-boxed e-con e-parent\" data-id=\"010512c\" data-element_type=\"container\" data-settings=\"{&quot;container_type&quot;:&quot;grid&quot;,&quot;grid_columns_grid&quot;:{&quot;unit&quot;:&quot;fr&quot;,&quot;size&quot;:&quot;2&quot;,&quot;sizes&quot;:[]},&quot;grid_rows_grid&quot;:{&quot;unit&quot;:&quot;fr&quot;,&quot;size&quot;:&quot;2&quot;,&quot;sizes&quot;:[]},&quot;grid_rows_grid_mobile&quot;:{&quot;unit&quot;:&quot;fr&quot;,&quot;size&quot;:&quot;2&quot;,&quot;sizes&quot;:[]},&quot;content_width&quot;:&quot;boxed&quot;,&quot;grid_outline&quot;:&quot;yes&quot;,&quot;grid_columns_grid_tablet&quot;:{&quot;unit&quot;:&quot;fr&quot;,&quot;size&quot;:&quot;&quot;,&quot;sizes&quot;:[]},&quot;grid_columns_grid_mobile&quot;:{&quot;unit&quot;:&quot;fr&quot;,&quot;size&quot;:1,&quot;sizes&quot;:[]},&quot;grid_rows_grid_tablet&quot;:{&quot;unit&quot;:&quot;fr&quot;,&quot;size&quot;:&quot;&quot;,&quot;sizes&quot;:[]},&quot;grid_auto_flow&quot;:&quot;row&quot;,&quot;grid_auto_flow_tablet&quot;:&quot;row&quot;,&quot;grid_auto_flow_mobile&quot;:&quot;row&quot;}\" data-core-v316-plus=\"true\">\n\t\t\t\t\t<div class=\"e-con-inner\">\n\t\t<a class=\"elementor-element elementor-element-a254dd0 e-flex e-con-boxed e-con e-child\" data-id=\"a254dd0\" data-element_type=\"container\" data-settings=\"{&quot;container_type&quot;:&quot;flex&quot;,&quot;content_width&quot;:&quot;boxed&quot;}\" href=\"https:\/\/dexpo.anthropolis.hu\/sl\/vloga-ucitelja\/\">\n\t\t\t\t\t<div class=\"e-con-inner\">\n\t\t<div class=\"elementor-element elementor-element-4658a44 e-flex e-con-boxed e-con e-child\" data-id=\"4658a44\" data-element_type=\"container\" data-settings=\"{&quot;background_background&quot;:&quot;classic&quot;,&quot;container_type&quot;:&quot;flex&quot;,&quot;content_width&quot;:&quot;boxed&quot;}\">\n\t\t\t\t\t<div class=\"e-con-inner\">\n\t\t\t\t<div class=\"elementor-element elementor-element-838562c home_course_titlel elementor-widget elementor-widget-heading\" data-id=\"838562c\" data-element_type=\"widget\" data-widget_type=\"heading.default\">\n\t\t\t\t<div class=\"elementor-widget-container\">\n\t\t\t<h2 class=\"elementor-heading-title elementor-size-default\">Spreminjajo\u010da se vloga u\u010diteljev in u\u010diteljic<\/h2>\t\t<\/div>\n\t\t\t\t<\/div>\n\t\t\t\t<div class=\"elementor-element elementor-element-bbcffcf home_course_text elementor-widget elementor-widget-text-editor\" data-id=\"bbcffcf\" data-element_type=\"widget\" data-widget_type=\"text-editor.default\">\n\t\t\t\t<div class=\"elementor-widget-container\">\n\t\t\t\t\t\t\t<p>Vsebina modula vam bo pomagala pri razumevanju spreminjajo\u010de se vloge u\u010diteljev in izobra\u017eevanja v 21. stoletju.<\/p>\t\t\t\t\t\t<\/div>\n\t\t\t\t<\/div>\n\t\t\t\t<div class=\"elementor-element elementor-element-6af482a e-transform elementor-widget elementor-widget-image\" data-id=\"6af482a\" data-element_type=\"widget\" data-settings=\"{&quot;_transform_scale_effect_hover&quot;:{&quot;unit&quot;:&quot;px&quot;,&quot;size&quot;:1.0500000000000000444089209850062616169452667236328125,&quot;sizes&quot;:[]},&quot;_transform_scale_effect_hover_tablet&quot;:{&quot;unit&quot;:&quot;px&quot;,&quot;size&quot;:&quot;&quot;,&quot;sizes&quot;:[]},&quot;_transform_scale_effect_hover_mobile&quot;:{&quot;unit&quot;:&quot;px&quot;,&quot;size&quot;:&quot;&quot;,&quot;sizes&quot;:[]}}\" data-widget_type=\"image.default\">\n\t\t\t\t<div class=\"elementor-widget-container\">\n\t\t\t\t\t\t\t\t\t\t\t\t\t\t\t<img loading=\"lazy\" decoding=\"async\" width=\"760\" height=\"506\" src=\"https:\/\/dexpo.anthropolis.hu\/wp-content\/uploads\/2023\/09\/dexpo_course_04_featured.jpg\" class=\"attachment-large size-large wp-image-4209\" alt=\"\" srcset=\"https:\/\/dexpo.anthropolis.hu\/wp-content\/uploads\/2023\/09\/dexpo_course_04_featured.jpg 760w, https:\/\/dexpo.anthropolis.hu\/wp-content\/uploads\/2023\/09\/dexpo_course_04_featured-300x200.jpg 300w\" sizes=\"auto, (max-width: 760px) 100vw, 760px\" \/>\t\t\t\t\t\t\t\t\t\t\t\t\t\t\t<\/div>\n\t\t\t\t<\/div>\n\t\t\t\t\t<\/div>\n\t\t\t\t<\/div>\n\t\t\t\t\t<\/div>\n\t\t\t\t<\/a>\n\t\t<a class=\"elementor-element elementor-element-9761015 e-flex e-con-boxed e-con e-child\" data-id=\"9761015\" data-element_type=\"container\" data-settings=\"{&quot;container_type&quot;:&quot;flex&quot;,&quot;content_width&quot;:&quot;boxed&quot;}\" href=\"https:\/\/dexpo.anthropolis.hu\/sl\/uvod-v-globalno-ucenje\/\">\n\t\t\t\t\t<div class=\"e-con-inner\">\n\t\t<div class=\"elementor-element elementor-element-ec2b186 e-flex e-con-boxed e-con e-child\" data-id=\"ec2b186\" data-element_type=\"container\" data-settings=\"{&quot;background_background&quot;:&quot;classic&quot;,&quot;container_type&quot;:&quot;flex&quot;,&quot;content_width&quot;:&quot;boxed&quot;}\">\n\t\t\t\t\t<div class=\"e-con-inner\">\n\t\t\t\t<div class=\"elementor-element elementor-element-3298a69 home_course_titlel elementor-widget elementor-widget-heading\" data-id=\"3298a69\" data-element_type=\"widget\" data-widget_type=\"heading.default\">\n\t\t\t\t<div class=\"elementor-widget-container\">\n\t\t\t<h2 class=\"elementor-heading-title elementor-size-default\">Uvod v globalno u\u010denje<\/h2>\t\t<\/div>\n\t\t\t\t<\/div>\n\t\t\t\t<div class=\"elementor-element elementor-element-b80fb1c e-transform elementor-widget elementor-widget-image\" data-id=\"b80fb1c\" data-element_type=\"widget\" data-settings=\"{&quot;_transform_scale_effect_hover&quot;:{&quot;unit&quot;:&quot;px&quot;,&quot;size&quot;:1.0500000000000000444089209850062616169452667236328125,&quot;sizes&quot;:[]},&quot;_transform_scale_effect_hover_tablet&quot;:{&quot;unit&quot;:&quot;px&quot;,&quot;size&quot;:&quot;&quot;,&quot;sizes&quot;:[]},&quot;_transform_scale_effect_hover_mobile&quot;:{&quot;unit&quot;:&quot;px&quot;,&quot;size&quot;:&quot;&quot;,&quot;sizes&quot;:[]}}\" data-widget_type=\"image.default\">\n\t\t\t\t<div class=\"elementor-widget-container\">\n\t\t\t\t\t\t\t\t\t\t\t\t\t\t\t<img loading=\"lazy\" decoding=\"async\" width=\"672\" height=\"446\" src=\"https:\/\/dexpo.anthropolis.hu\/wp-content\/uploads\/2023\/09\/dexpo_course_02_featured.jpg\" class=\"attachment-large size-large wp-image-4207\" alt=\"\" srcset=\"https:\/\/dexpo.anthropolis.hu\/wp-content\/uploads\/2023\/09\/dexpo_course_02_featured.jpg 672w, https:\/\/dexpo.anthropolis.hu\/wp-content\/uploads\/2023\/09\/dexpo_course_02_featured-300x199.jpg 300w\" sizes=\"auto, (max-width: 672px) 100vw, 672px\" \/>\t\t\t\t\t\t\t\t\t\t\t\t\t\t\t<\/div>\n\t\t\t\t<\/div>\n\t\t\t\t<div class=\"elementor-element elementor-element-6b574b6 home_course_text elementor-widget elementor-widget-text-editor\" data-id=\"6b574b6\" data-element_type=\"widget\" data-widget_type=\"text-editor.default\">\n\t\t\t\t<div class=\"elementor-widget-container\">\n\t\t\t\t\t\t\t<p>V modulu se boste seznanili z nekaterimi idejami, koncepti in razmi\u0161ljanji o globalnem u\u010denju ter raziskali, zakaj je pomembno na svet okoli nas pogledati z razli\u010dnih zornih kotov in perspektiv.<\/p>\t\t\t\t\t\t<\/div>\n\t\t\t\t<\/div>\n\t\t\t\t\t<\/div>\n\t\t\t\t<\/div>\n\t\t\t\t\t<\/div>\n\t\t\t\t<\/a>\n\t\t<a class=\"elementor-element elementor-element-641ef9c e-flex e-con-boxed e-con e-child\" data-id=\"641ef9c\" data-element_type=\"container\" data-settings=\"{&quot;container_type&quot;:&quot;flex&quot;,&quot;content_width&quot;:&quot;boxed&quot;}\" href=\"https:\/\/dexpo.anthropolis.hu\/sl\/podnebne-spremembe-v-izobrazevanju\/\">\n\t\t\t\t\t<div class=\"e-con-inner\">\n\t\t<div class=\"elementor-element elementor-element-a9ff4db e-flex e-con-boxed e-con e-child\" data-id=\"a9ff4db\" data-element_type=\"container\" data-settings=\"{&quot;background_background&quot;:&quot;classic&quot;,&quot;container_type&quot;:&quot;flex&quot;,&quot;content_width&quot;:&quot;boxed&quot;}\">\n\t\t\t\t\t<div class=\"e-con-inner\">\n\t\t\t\t<div class=\"elementor-element elementor-element-c897e11 home_course_titlel elementor-widget elementor-widget-heading\" data-id=\"c897e11\" data-element_type=\"widget\" data-widget_type=\"heading.default\">\n\t\t\t\t<div class=\"elementor-widget-container\">\n\t\t\t<h2 class=\"elementor-heading-title elementor-size-default\">Podnebne spremembe v pou\u010devanju<\/h2>\t\t<\/div>\n\t\t\t\t<\/div>\n\t\t\t\t<div class=\"elementor-element elementor-element-5553d80 home_course_text elementor-widget elementor-widget-text-editor\" data-id=\"5553d80\" data-element_type=\"widget\" data-widget_type=\"text-editor.default\">\n\t\t\t\t<div class=\"elementor-widget-container\">\n\t\t\t\t\t\t\t<p>Modul temelji na raziskovanju psihologije podnebnih sprememb, predstavitvi komunikacijskih strategij, ki u\u010dinkovito predstavljajo temo podnebnih sprememb, ter ponudbi razli\u010dnih pristopov, perspektiv in u\u010dnih strategij.<\/p>\t\t\t\t\t\t<\/div>\n\t\t\t\t<\/div>\n\t\t\t\t<div class=\"elementor-element elementor-element-f931a63 e-transform elementor-widget elementor-widget-image\" data-id=\"f931a63\" data-element_type=\"widget\" data-settings=\"{&quot;_transform_scale_effect_hover&quot;:{&quot;unit&quot;:&quot;px&quot;,&quot;size&quot;:1.0500000000000000444089209850062616169452667236328125,&quot;sizes&quot;:[]},&quot;_transform_scale_effect_hover_tablet&quot;:{&quot;unit&quot;:&quot;px&quot;,&quot;size&quot;:&quot;&quot;,&quot;sizes&quot;:[]},&quot;_transform_scale_effect_hover_mobile&quot;:{&quot;unit&quot;:&quot;px&quot;,&quot;size&quot;:&quot;&quot;,&quot;sizes&quot;:[]}}\" data-widget_type=\"image.default\">\n\t\t\t\t<div class=\"elementor-widget-container\">\n\t\t\t\t\t\t\t\t\t\t\t\t\t\t\t<img loading=\"lazy\" decoding=\"async\" width=\"728\" height=\"486\" src=\"https:\/\/dexpo.anthropolis.hu\/wp-content\/uploads\/2023\/09\/dexpo_course_01_featured.jpg\" class=\"attachment-large size-large wp-image-4206\" alt=\"\" srcset=\"https:\/\/dexpo.anthropolis.hu\/wp-content\/uploads\/2023\/09\/dexpo_course_01_featured.jpg 728w, https:\/\/dexpo.anthropolis.hu\/wp-content\/uploads\/2023\/09\/dexpo_course_01_featured-300x200.jpg 300w\" sizes=\"auto, (max-width: 728px) 100vw, 728px\" \/>\t\t\t\t\t\t\t\t\t\t\t\t\t\t\t<\/div>\n\t\t\t\t<\/div>\n\t\t\t\t\t<\/div>\n\t\t\t\t<\/div>\n\t\t\t\t\t<\/div>\n\t\t\t\t<\/a>\n\t\t<a class=\"elementor-element elementor-element-9b792c1 e-flex e-con-boxed e-con e-child\" data-id=\"9b792c1\" data-element_type=\"container\" data-settings=\"{&quot;container_type&quot;:&quot;flex&quot;,&quot;content_width&quot;:&quot;boxed&quot;}\" href=\"https:\/\/dexpo.anthropolis.hu\/sl\/kriticno-misljenje-medijska-pismenost-in-preverjanje-dejstev\/\">\n\t\t\t\t\t<div class=\"e-con-inner\">\n\t\t<div class=\"elementor-element elementor-element-eb84e02 e-flex e-con-boxed e-con e-child\" data-id=\"eb84e02\" data-element_type=\"container\" data-settings=\"{&quot;background_background&quot;:&quot;classic&quot;,&quot;container_type&quot;:&quot;flex&quot;,&quot;content_width&quot;:&quot;boxed&quot;}\">\n\t\t\t\t\t<div class=\"e-con-inner\">\n\t\t\t\t<div class=\"elementor-element elementor-element-e42b1f2 home_course_titlel elementor-widget elementor-widget-heading\" data-id=\"e42b1f2\" data-element_type=\"widget\" data-widget_type=\"heading.default\">\n\t\t\t\t<div class=\"elementor-widget-container\">\n\t\t\t<h2 class=\"elementor-heading-title elementor-size-default\">Kriti\u010dno mi\u0161ljenje, medijska pismenost in preverjanje dejstev<\/h2>\t\t<\/div>\n\t\t\t\t<\/div>\n\t\t<div class=\"elementor-element elementor-element-888f575 e-con-full e-flex e-con e-child\" data-id=\"888f575\" data-element_type=\"container\" data-settings=\"{&quot;content_width&quot;:&quot;full&quot;,&quot;container_type&quot;:&quot;flex&quot;}\">\n\t\t<div class=\"elementor-element elementor-element-9da1f3a e-con-full e-flex e-con e-child\" data-id=\"9da1f3a\" data-element_type=\"container\" data-settings=\"{&quot;content_width&quot;:&quot;full&quot;,&quot;container_type&quot;:&quot;flex&quot;}\">\n\t\t\t\t<div class=\"elementor-element elementor-element-93f0640 e-transform elementor-widget elementor-widget-image\" data-id=\"93f0640\" data-element_type=\"widget\" data-settings=\"{&quot;_transform_scale_effect_hover&quot;:{&quot;unit&quot;:&quot;px&quot;,&quot;size&quot;:1.0500000000000000444089209850062616169452667236328125,&quot;sizes&quot;:[]},&quot;_transform_scale_effect_hover_tablet&quot;:{&quot;unit&quot;:&quot;px&quot;,&quot;size&quot;:&quot;&quot;,&quot;sizes&quot;:[]},&quot;_transform_scale_effect_hover_mobile&quot;:{&quot;unit&quot;:&quot;px&quot;,&quot;size&quot;:&quot;&quot;,&quot;sizes&quot;:[]}}\" data-widget_type=\"image.default\">\n\t\t\t\t<div class=\"elementor-widget-container\">\n\t\t\t\t\t\t\t\t\t\t\t\t\t\t\t<img loading=\"lazy\" decoding=\"async\" width=\"456\" height=\"460\" src=\"https:\/\/dexpo.anthropolis.hu\/wp-content\/uploads\/2023\/09\/dexpo_course_03_featured.jpg\" class=\"attachment-large size-large wp-image-4208\" alt=\"\" srcset=\"https:\/\/dexpo.anthropolis.hu\/wp-content\/uploads\/2023\/09\/dexpo_course_03_featured.jpg 456w, https:\/\/dexpo.anthropolis.hu\/wp-content\/uploads\/2023\/09\/dexpo_course_03_featured-297x300.jpg 297w, https:\/\/dexpo.anthropolis.hu\/wp-content\/uploads\/2023\/09\/dexpo_course_03_featured-150x150.jpg 150w\" sizes=\"auto, (max-width: 456px) 100vw, 456px\" \/>\t\t\t\t\t\t\t\t\t\t\t\t\t\t\t<\/div>\n\t\t\t\t<\/div>\n\t\t\t\t<\/div>\n\t\t<div class=\"elementor-element elementor-element-6de763c e-con-full e-flex e-con e-child\" data-id=\"6de763c\" data-element_type=\"container\" data-settings=\"{&quot;content_width&quot;:&quot;full&quot;,&quot;container_type&quot;:&quot;flex&quot;}\">\n\t\t\t\t<div class=\"elementor-element elementor-element-703c96f home_course_text elementor-widget elementor-widget-text-editor\" data-id=\"703c96f\" data-element_type=\"widget\" data-widget_type=\"text-editor.default\">\n\t\t\t\t<div class=\"elementor-widget-container\">\n\t\t\t\t\t\t\t<p>Modul\u00a0 lahko u\u010diteljem in u\u010diteljicam pomaga in jih usmerja pri razmi\u0161ljanju o podnebnih spremembah v izobra\u017eevanju ter temelji na kriti\u010dni analizi informacij, ki nam jih predstavljajo mno\u017ei\u010dni mediji.<\/p>\t\t\t\t\t\t<\/div>\n\t\t\t\t<\/div>\n\t\t\t\t<\/div>\n\t\t\t\t<\/div>\n\t\t\t\t\t<\/div>\n\t\t\t\t<\/div>\n\t\t\t\t\t<\/div>\n\t\t\t\t<\/a>\n\t\t\t\t\t<\/div>\n\t\t\t\t<\/div>\n\t\t\t\t\t\t\t<\/div>\n\t\t","protected":false},"excerpt":{"rendered":"<p>Dobrodo\u0161li na spletnem te\u010daju DEXPO \u2013 Misli kriti\u010dno za podnebje (\u00bbDEXPO &#8211; Think Critical 4Climate\u00ab) Podnebne spremembe kot globalni pojav &hellip;<\/p>\n<p class=\"read-more\"> <a class=\"\" href=\"https:\/\/dexpo.anthropolis.hu\/sl\/\"> <span class=\"screen-reader-text\">DOMOV<\/span> Read More &raquo;<\/a><\/p>\n","protected":false},"author":1,"featured_media":0,"parent":0,"menu_order":0,"comment_status":"closed","ping_status":"closed","template":"","meta":{"site-sidebar-layout":"no-sidebar","site-content-layout":"page-builder","ast-site-content-layout":"full-width-container","site-content-style":"unboxed","site-sidebar-style":"unboxed","ast-global-header-display":"","ast-banner-title-visibility":"","ast-main-header-display":"","ast-hfb-above-header-display":"","ast-hfb-below-header-display":"","ast-hfb-mobile-header-display":"","site-post-title":"disabled","ast-breadcrumbs-content":"","ast-featured-img":"disabled","footer-sml-layout":"","theme-transparent-header-meta":"","adv-header-id-meta":"","stick-header-meta":"","header-above-stick-meta":"","header-main-stick-meta":"","header-below-stick-meta":"","astra-migrate-meta-layouts":"set","ast-page-background-enabled":"default","ast-page-background-meta":{"desktop":{"background-color":"var(--ast-global-color-4)","background-image":"","background-repeat":"repeat","background-position":"center center","background-size":"auto","background-attachment":"scroll","background-type":"","background-media":"","overlay-type":"","overlay-color":"","overlay-gradient":""},"tablet":{"background-color":"","background-image":"","background-repeat":"repeat","background-position":"center center","background-size":"auto","background-attachment":"scroll","background-type":"","background-media":"","overlay-type":"","overlay-color":"","overlay-gradient":""},"mobile":{"background-color":"","background-image":"","background-repeat":"repeat","background-position":"center center","background-size":"auto","background-attachment":"scroll","background-type":"","background-media":"","overlay-type":"","overlay-color":"","overlay-gradient":""}},"ast-content-background-meta":{"desktop":{"background-color":"var(--ast-global-color-5)","background-image":"","background-repeat":"repeat","background-position":"center center","background-size":"auto","background-attachment":"scroll","background-type":"","background-media":"","overlay-type":"","overlay-color":"","overlay-gradient":""},"tablet":{"background-color":"var(--ast-global-color-5)","background-image":"","background-repeat":"repeat","background-position":"center center","background-size":"auto","background-attachment":"scroll","background-type":"","background-media":"","overlay-type":"","overlay-color":"","overlay-gradient":""},"mobile":{"background-color":"var(--ast-global-color-5)","background-image":"","background-repeat":"repeat","background-position":"center center","background-size":"auto","background-attachment":"scroll","background-type":"","background-media":"","overlay-type":"","overlay-color":"","overlay-gradient":""}},"footnotes":""},"class_list":["post-4203","page","type-page","status-publish","hentry"],"_links":{"self":[{"href":"https:\/\/dexpo.anthropolis.hu\/sl\/wp-json\/wp\/v2\/pages\/4203","targetHints":{"allow":["GET"]}}],"collection":[{"href":"https:\/\/dexpo.anthropolis.hu\/sl\/wp-json\/wp\/v2\/pages"}],"about":[{"href":"https:\/\/dexpo.anthropolis.hu\/sl\/wp-json\/wp\/v2\/types\/page"}],"author":[{"embeddable":true,"href":"https:\/\/dexpo.anthropolis.hu\/sl\/wp-json\/wp\/v2\/users\/1"}],"replies":[{"embeddable":true,"href":"https:\/\/dexpo.anthropolis.hu\/sl\/wp-json\/wp\/v2\/comments?post=4203"}],"version-history":[{"count":43,"href":"https:\/\/dexpo.anthropolis.hu\/sl\/wp-json\/wp\/v2\/pages\/4203\/revisions"}],"predecessor-version":[{"id":10306,"href":"https:\/\/dexpo.anthropolis.hu\/sl\/wp-json\/wp\/v2\/pages\/4203\/revisions\/10306"}],"wp:attachment":[{"href":"https:\/\/dexpo.anthropolis.hu\/sl\/wp-json\/wp\/v2\/media?parent=4203"}],"curies":[{"name":"wp","href":"https:\/\/api.w.org\/{rel}","templated":true}]}}